{"id":8357,"date":"2025-02-16T22:54:07","date_gmt":"2025-02-16T21:54:07","guid":{"rendered":"https:\/\/dev.myrmidons.net\/postuler\/"},"modified":"2025-05-19T13:48:57","modified_gmt":"2025-05-19T11:48:57","slug":"postuler","status":"publish","type":"page","link":"https:\/\/myrmidons.net\/fr\/postuler\/","title":{"rendered":"Job-Apply"},"content":{"rendered":"\t\t<div data-elementor-type=\"wp-page\" data-elementor-id=\"8357\" class=\"elementor elementor-8357 elementor-5699\" data-elementor-post-type=\"page\">\n\t\t\t\t\t\t<section class=\"elementor-section elementor-top-section elementor-element elementor-element-5e042b82 ot-traditional elementor-section-boxed elementor-section-height-default elementor-section-height-default\" data-id=\"5e042b82\" data-element_type=\"section\" data-e-type=\"section\">\n\t\t\t\t\t\t<div class=\"elementor-container elementor-column-gap-default\">\n\t\t\t\t\t<div class=\"elementor-column elementor-col-100 elementor-top-column elementor-element elementor-element-3198d58e ot-flex-column-vertical\" data-id=\"3198d58e\" data-element_type=\"column\" data-e-type=\"column\">\n\t\t\t<div class=\"elementor-widget-wrap elementor-element-populated\">\n\t\t\t\t\t\t<div class=\"elementor-element elementor-element-b07a030 elementor-widget elementor-widget-heading\" data-id=\"b07a030\" data-element_type=\"widget\" data-e-type=\"widget\" data-widget_type=\"heading.default\">\n\t\t\t\t<div class=\"elementor-widget-container\">\n\t\t\t\t\t<h2 class=\"elementor-heading-title elementor-size-default\">Pr\u00eat \u00e0 rejoindre notre \u00e9quipe ? Postulez maintenant !<\/h2>\t\t\t\t<\/div>\n\t\t\t\t<\/div>\n\t\t\t\t<div class=\"elementor-element elementor-element-27ced183 elementor-widget elementor-widget-ictf7\" data-id=\"27ced183\" data-element_type=\"widget\" data-e-type=\"widget\" data-widget_type=\"ictf7.default\">\n\t\t\t\t<div class=\"elementor-widget-container\">\n\t\t\t\t\t<div class=\"elementor-shortcode engitech-cf7-0\">\n<div class=\"wpcf7 no-js\" id=\"wpcf7-f8518-o1\" lang=\"fr-FR\" dir=\"ltr\" data-wpcf7-id=\"8518\">\n<div class=\"screen-reader-response\"><p role=\"status\" aria-live=\"polite\" aria-atomic=\"true\"><\/p> <ul><\/ul><\/div>\n<form action=\"\/fr\/wp-json\/wp\/v2\/pages\/8357#wpcf7-f8518-o1\" method=\"post\" class=\"wpcf7-form init\" aria-label=\"Formulaire de contact\" enctype=\"multipart\/form-data\" novalidate=\"novalidate\" data-status=\"init\">\n<fieldset class=\"hidden-fields-container\"><input type=\"hidden\" name=\"_wpcf7\" value=\"8518\" \/><input type=\"hidden\" name=\"_wpcf7_version\" value=\"6.1.5\" \/><input type=\"hidden\" name=\"_wpcf7_locale\" value=\"fr_FR\" \/><input type=\"hidden\" name=\"_wpcf7_unit_tag\" value=\"wpcf7-f8518-o1\" \/><input type=\"hidden\" name=\"_wpcf7_container_post\" value=\"0\" \/><input type=\"hidden\" name=\"_wpcf7_posted_data_hash\" value=\"\" \/><input type=\"hidden\" name=\"_wpcf7_recaptcha_response\" value=\"\" \/>\n<\/fieldset>\n<div class=\"main-form job-form\">\n\t<h2>Envoyez-nous votre CV\n\t<\/h2>\n\t<p><span class=\"wpcf7-form-control-wrap\" data-name=\"your-name\"><input size=\"40\" maxlength=\"400\" class=\"wpcf7-form-control wpcf7-text wpcf7-validates-as-required\" aria-required=\"true\" aria-invalid=\"false\" placeholder=\"Nom et pr\u00e9nom *\" value=\"\" type=\"text\" name=\"your-name\" \/><\/span>\n\t<\/p>\n\t<div class=\"row\">\n\t\t<p class=\"col-md-6\"><span class=\"wpcf7-form-control-wrap\" data-name=\"your-phone\"><input size=\"40\" maxlength=\"400\" class=\"wpcf7-form-control wpcf7-tel wpcf7-validates-as-required wpcf7-text wpcf7-validates-as-tel\" aria-required=\"true\" aria-invalid=\"false\" placeholder=\"T\u00e9l\u00e9phone *\" value=\"\" type=\"tel\" name=\"your-phone\" \/><\/span>\n\t\t<\/p>\n\t\t<p class=\"col-md-6\"><span class=\"wpcf7-form-control-wrap\" data-name=\"your-email\"><input size=\"40\" maxlength=\"400\" class=\"wpcf7-form-control wpcf7-email wpcf7-validates-as-required wpcf7-text wpcf7-validates-as-email\" aria-required=\"true\" aria-invalid=\"false\" placeholder=\"Email *\" value=\"\" type=\"email\" name=\"your-email\" \/><\/span>\n\t\t<\/p>\n\t<\/div>\n\t<p><span class=\"wpcf7-form-control-wrap\" data-name=\"your-message\"><textarea cols=\"10\" rows=\"4\" maxlength=\"2000\" class=\"wpcf7-form-control wpcf7-textarea\" aria-invalid=\"false\" placeholder=\"Lettre de motivation\" name=\"your-message\"><\/textarea><\/span>\n\t<\/p>\n\t<h6 class=\"font16\">T\u00e9l\u00e9chargez votre CV\n\t<\/h6>\n\t<p><span class=\"wpcf7-form-control-wrap\" data-name=\"your-file\"><input size=\"40\" class=\"wpcf7-form-control wpcf7-file\" accept=\"audio\/*,video\/*,image\/*\" aria-invalid=\"false\" type=\"file\" name=\"your-file\" \/><\/span>\n\t<\/p>\n\t<p><button type=\"submit\" class=\"octf-btn octf-btn-light has-spinner\">ENVOYER VOTRE CANDIDATURE<\/button>\n\t<\/p>\n<\/div><div class=\"wpcf7-response-output\" aria-hidden=\"true\"><\/div>\n<\/form>\n<\/div>\n<\/div>\t\t\t\t<\/div>\n\t\t\t\t<\/div>\n\t\t\t\t\t<\/div>\n\t\t<\/div>\n\t\t\t\t\t<\/div>\n\t\t<\/section>\n\t\t\t\t<\/div>\n\t\t","protected":false},"excerpt":{"rendered":"<p>Pr\u00eat \u00e0 rejoindre notre \u00e9quipe ? Postulez maintenant ! Send us your CV Upload your resume SUBMIT YOUR APPLICATION<\/p>\n","protected":false},"author":1,"featured_media":0,"parent":0,"menu_order":0,"comment_status":"closed","ping_status":"closed","template":"","meta":{"footnotes":""},"class_list":["post-8357","page","type-page","status-publish","hentry"],"_links":{"self":[{"href":"https:\/\/myrmidons.net\/fr\/wp-json\/wp\/v2\/pages\/8357","targetHints":{"allow":["GET"]}}],"collection":[{"href":"https:\/\/myrmidons.net\/fr\/wp-json\/wp\/v2\/pages"}],"about":[{"href":"https:\/\/myrmidons.net\/fr\/wp-json\/wp\/v2\/types\/page"}],"author":[{"embeddable":true,"href":"https:\/\/myrmidons.net\/fr\/wp-json\/wp\/v2\/users\/1"}],"replies":[{"embeddable":true,"href":"https:\/\/myrmidons.net\/fr\/wp-json\/wp\/v2\/comments?post=8357"}],"version-history":[{"count":7,"href":"https:\/\/myrmidons.net\/fr\/wp-json\/wp\/v2\/pages\/8357\/revisions"}],"predecessor-version":[{"id":8772,"href":"https:\/\/myrmidons.net\/fr\/wp-json\/wp\/v2\/pages\/8357\/revisions\/8772"}],"wp:attachment":[{"href":"https:\/\/myrmidons.net\/fr\/wp-json\/wp\/v2\/media?parent=8357"}],"curies":[{"name":"wp","href":"https:\/\/api.w.org\/{rel}","templated":true}]}}