{"id":7937,"date":"2025-02-12T18:25:53","date_gmt":"2025-02-12T17:25:53","guid":{"rendered":"https:\/\/dev.myrmidons.net\/carriere\/"},"modified":"2025-05-15T17:07:27","modified_gmt":"2025-05-15T15:07:27","slug":"carriere","status":"publish","type":"page","link":"https:\/\/myrmidons.net\/fr\/carriere\/","title":{"rendered":"Carri\u00e8re"},"content":{"rendered":"\t\t<div data-elementor-type=\"wp-page\" data-elementor-id=\"7937\" class=\"elementor elementor-7937 elementor-5344\" data-elementor-post-type=\"page\">\n\t\t\t\t\t\t<section class=\"elementor-section elementor-top-section elementor-element elementor-element-72ffe9e careers-page elementor-section-full_width elementor-section-content-middle ot-traditional elementor-section-height-default elementor-section-height-default\" data-id=\"72ffe9e\" data-element_type=\"section\" data-e-type=\"section\">\n\t\t\t\t\t\t<div class=\"elementor-container elementor-column-gap-no\">\n\t\t\t\t\t<div class=\"elementor-column elementor-col-100 elementor-top-column elementor-element elementor-element-38089575 career-dessin ot-flex-column-vertical\" data-id=\"38089575\" data-element_type=\"column\" data-e-type=\"column\">\n\t\t\t<div class=\"elementor-widget-wrap elementor-element-populated\">\n\t\t\t\t\t\t<div class=\"elementor-element elementor-element-eeb9146 elementor-widget elementor-widget-html\" data-id=\"eeb9146\" data-element_type=\"widget\" data-e-type=\"widget\" data-widget_type=\"html.default\">\n\t\t\t\t<div class=\"elementor-widget-container\">\n\t\t\t\t\t<svg xmlns=\"http:\/\/www.w3.org\/2000\/svg\" xmlns:xlink=\"http:\/\/www.w3.org\/1999\/xlink\" id=\"Dessin\" viewbox=\"0 0 1400 800\" width=\"100%\" height=\"auto\" preserveaspectratio=\"xMidYMid meet\" style=\"display:block; margin: 0 auto; padding-left: 20px; padding-right: 20px; box-sizing: border-box; max-width: 1300px;\">\r\n  <defs>\r\n    <style>\r\n .cls-1 {\r\n font-size: 117.33px;\r\n font-family: \"Roboto Slab\";\r\n font-weight: 700;\r\n }\r\n    <\/style>\r\n  <\/defs>\r\n  <image id=\"Calque_2\" data-name=\"Calque 2\" x=\"800\" y=\"190\" width=\"700\" height=\"280\" xlink:href=\"data:img\/png;base64,iVBORw0KGgoAAAANSUhEUgAAAkgAAAFICAYAAACr9gEyAAAIlklEQVR4nO3dwWubdRzH8e+a1IThIIeBO4gUGeLFrSB49uLZ2677t8Sb\/4FeRHD4J0i97TgPwhTHIuzQdEsi6Z6W9uO2evr11+b1gpBkG+vT5PLm4fl+nxvr9boA4Bqavfrnn71fHzyY+XKvnsM\/\/qjV4WGddsrZ5\/W61m\/4s9cvX7\/enc3q1r17VatVrZfLWq9W\/309\/N3m9Wfffju\/effuk6qab\/6f8bZ\/AQBcW3uro6OHfz96tO8r3j6Lp0\/rxePH\/\/v3fvXixUFVfVdVm2eBBMC1tTlztImjL33FXGRztqqqfjj5Zzs+MQBg2y0Xi3OfgEACAAgCCQAgCCQAgCCQAACCQAIACAIJACAIJABg6w17kE4JJABg6wkkAIALCCQAgCCQAACCQAIACAIJACAIJACAIJAAgK23NOYPAHCePUgAABcQSAAAQSABAASBBAAQBBIAQBBIAMDWM8UGABDsQQIAuMDYBwTANTXfnc0OvvjpJ9\/vFfT7N9\/M\/vz++72qml3G0QskAK6rJzd2d7+7\/dVXP\/iGr56\/fvxxv6oeVtX+ZRy8QALguppX1YFv90r7+rIO3jVIAABBIAEABIEEAHRnNJ02PSR7kACA7u0IJACAvggkAIAgkAAAgkACAAgCCQAgCCQAgCCQAIDuGPMHAAitA2kpkAAA3k0gAQAEgQQAEAQSAEAQSAAAQSABAASBBAB0Z2QPEgDAeRZFAgB0RiABAASBBAAQBBIAQBBIAABBIAEAW8\/d\/AGA7hnzBwAIrRdFJoEEABAEEgBAEEgAAEEgAQAEgQQAEAQSANAdY\/4AAKF1IC0Xi3PvBRIAQBBIAABBIAEABIEEABAEEgBAEEgAAEEgAQDdGU0mTQ\/JHiQAoHsWRQIAdEYgAQAEgQQAEAQSAEAQSAAAQSABAASBBAB0p\/WY\/9KYPwDQu5E9SAAAfRFIAABBIAEABIEEABAEEgBAEEgAwNYzxQYAdM8eJACA0DqQ\/vPzfSEAAOcJJACAIJAAAIJAAgAIAgkAIAgkAKA77uYPABBaj\/mvFotz7wUSAEAQSAAAQSABAASBBAAQBBIAQBBIAABBIAEAXdqZTJoe1tldSAIJAOhS611IS4EEAPB2AgkAIAgkAIAgkAAAgkACAAgCCQAgCCQAoEujxmP+9iABAN1rvQdJIAEAvINAAgAIAgkAIAgkAIAgkAAAgkACAHA3fwDgKjDmDwAQWi+KPEsgAQAEgQQAEAQSAEAQSAAAQSABAASBBAB0yZg\/AEBoHUjLxeL0tUACAAgCCQAgCCQAgCCQAACCQAIACAIJACAIJACgS6PJpOlh2YMEAHTPokgAgI4IJACAIJAAAIJAAgAIAgkAIAgkAIAgkACALrUe818a8wcAejeyBwkAoB8CCQAgCCQAgCCQAACCQAIACAIJAMAUGwBwFdiDBAAQWgfSWQIJACAIJACAIJAAAIJAAgAIAgkAIAgkAKBL7uYPABBaj\/kLJACAdxBIAABBIAEABIEEABAEEgBAEEgAAEEgAQBdMuYPABBaB9JSIAEAvJ1AAgAIAgkAIAgkAIAgkAAAgkACAAgCCQDo0sgeJACA8yyKBADoiEACAAgCCQAgCCQAgCCQAACCQAIAcDd\/AOAqMOYPABBaL4o8SyABAASBBAAQBBIAQBBIAABBIAEABIEEAHTJmD8AQGgdSMvF4vS1QAIACAIJACAIJACAIJAAAIJAAgAIAgkAIAgkAKBLo8mk6WHZgwQAdM+iSACAjggkAIAgkAAAgkACAAgCCQAgCCQAgM3d\/E2xAQC9M+YPABBGjQPpLIEEABAEEgBAEEgAAEEgAQAEgQQAEAQSANAlY\/4AAKF1IFkUCQDwDgIJACAIJACAIJAAgB5tLgh6OjwOWx+fQAIAejSvqt+Gx7z18QkkAKBHziABAKTWd\/O3BwkA6N3hznTa9AzSarE4fS2QAIAeba47OhgerkECAHANEgBAZwQSAEDV5orwO8NjKpAAAKpmVbU\/PGYCCQDAGSQA4KrYmUyaHunJLiSBBAB0a6fdssjjM0jLw0NnkAAABptrkO4PD9cgAQC4BgkA4AICCQAgCCQAgCCQAAAGxvwBgO6N2o35HxNIAED3Gu5BOkcgAQAEgQQAEAQSAEAQSAAAQSABAASBBAB0q\/UU29KYPwDQO3uQAAA6IZAAAIJAAgAIAgkAIAgkAIAgkAAAgkACALrVeg+SMX8AoHvNF0UuFsfPAgkAIAgkAIAgkAAAgkACAAgCCQAgCCQAgCCQAIBujSaTpodmDxIA0D2LIgEAOiGQAACCQAIACAIJACAIJACAIJAAAAZLU2wAQO+M+QMAhFHjQDohkAAAgkACAAgCCQAgCCQAgCCQAACCQAIAumXMHwAgtA4kiyIBAN5CIAEABIEEABAEEgBAEEgAAEEgAQAEgQQAdKv13fztQQIAumdRJABAJwQSAEAQSAAAQSABAASBBAAQBBIAQBBIAEC3jPkDAITWgbQUSAAAbyaQAACCQAIACAIJACAIJACAIJAAAAbG\/AGA7o0uaQ\/SuKreq6r3q2o6vL9ZVbPhPQDApdmZTveHLmlq\/PPt25s4ultVd4ZQ+qiq7g\/vAQAuzeroaBNHe61+\/t+\/\/HL8PH75\/Pl0iKFPq+rDqvpEIAEA22j98uXxbz0eHu8PcfR5VX18GaeyAAB6cXLN0UfDmaOPnTkCALbdznC26P7wcOYIANh642Fa7Y4zRwDAtluvVsefgD1IAAAnBBIAwJsJJACAIJAAAIJAAgAIAgkAIAgkAIAgkAAABvYgAQAEgQQA8BYCCQBgMLnz+s5rAgkAYDD54IPjFwIJACAIJACAIJAAAIJAAgAIAgkAIAgkAIAgkAAAgkACAAgCCQAgjKtqXlUHPhgAgOMmmt84evZsVlV7VTXzmQAA2+zG7u58fOvWk38B2f6LCYd62tEAAAAASUVORK5CYII=\"><\/image>\r\n  <text id=\"WE_ARE_SEARCHING_FOR_OUR_NEW_TALENTS_\" data-name=\"WE ARE SEARCHING FOR OUR NEW TALENTS !\" class=\"cls-1\" x=\"10\" y=\"250\">NOUS RECHERCHONS <tspan x=\"10\" dy=\"120\">NOS NOUVEAUX<\/tspan> <tspan x=\"10\" dy=\"120\">TALENTS !<\/tspan><\/text>\r\n<\/svg>\r\n\t\t\t\t<\/div>\n\t\t\t\t<\/div>\n\t\t\t\t<section class=\"elementor-section elementor-inner-section elementor-element elementor-element-68412ca ot-traditional elementor-section-boxed elementor-section-height-default elementor-section-height-default\" data-id=\"68412ca\" data-element_type=\"section\" data-e-type=\"section\">\n\t\t\t\t\t\t<div class=\"elementor-container elementor-column-gap-extended\">\n\t\t\t\t\t<div class=\"elementor-column elementor-col-100 elementor-inner-column elementor-element elementor-element-36c5d6f7 ot-flex-column-vertical\" data-id=\"36c5d6f7\" data-element_type=\"column\" data-e-type=\"column\">\n\t\t\t<div class=\"elementor-widget-wrap elementor-element-populated\">\n\t\t\t\t\t\t<div class=\"elementor-element elementor-element-b06f653 JobCareers elementor-widget elementor-widget-ucaddon_post_grid\" data-id=\"b06f653\" data-element_type=\"widget\" data-e-type=\"widget\" data-widget_type=\"ucaddon_post_grid.default\">\n\t\t\t\t<div class=\"elementor-widget-container\">\n\t\t\t\t\t\n<!-- start Post Grid -->\n\t\t<link id='font-awesome-css' href='https:\/\/myrmidons.net\/wp-content\/plugins\/unlimited-elements-for-elementor\/assets_libraries\/font-awesome6\/fontawesome-all.min.css' type='text\/css' rel='stylesheet' >\n\t\t<link id='font-awesome-4-shim-css' href='https:\/\/myrmidons.net\/wp-content\/plugins\/unlimited-elements-for-elementor\/assets_libraries\/font-awesome6\/fontawesome-v4-shims.min.css' type='text\/css' rel='stylesheet' >\n\n<style>\/* widget: Post Grid *\/\n\n\n\n#uc_post_grid_elementor_b06f653{\n  min-height: 1px;\n}\n\n#uc_post_grid_elementor_b06f653.uc_post_grid_style_one .uc_post_grid_style_one_wrap {\n   display:grid;\n}\n\n\n#uc_post_grid_elementor_b06f653 .uc_post_grid_style_one_item{\n  position:relative;\n}\n\n#uc_post_grid_elementor_b06f653 .uc_post_image{\n  transition:0.3s;\n  position:relative;\n  overflow:hidden;\n}\n\n#uc_post_grid_elementor_b06f653 .uc_post_image img{\n  width:100%;\n  display:block;\n  transition:0.3s;\n}\n\n\t\n\n#uc_post_grid_elementor_b06f653 .uc_post_image_overlay{\n  position:absolute;\n  top:0px;\n  left:0px;\n  height:100%;\n  width:100%;\n  transition:0.3s;\n}\n\n#uc_post_grid_elementor_b06f653 .uc_more_btn-custom-field{\n  display:inline-block;\n  text-align:center;\n  text-decoration:none;\n  transition:0.3s;\n}\n\n#uc_post_grid_elementor_b06f653 .uc_more_btn{\n  display:inline-block;\n  text-align:center;\n  text-decoration:none;\n  transition:0.3s;\n}\n\n.ue-grid-item-category a{\n  display:inline-block;\n  font-size:10px;\n  position: relative;\n  z-index: 1;\n}\n\n\n.uc_post_title{\n  font-size:21px;\n}\n\n\n\n  #uc_post_grid_elementor_b06f653 .ue_post_grid_item{\n    display:flex;\n    flex-direction:column;\n  }\n\n  #uc_post_grid_elementor_b06f653.uc_post_grid_style_one .uc_content{\n   flex-grow:1;\n  }\n\n  #uc_post_grid_elementor_b06f653.uc_post_grid_style_one .uc_content > div{\n    height:100%;\n    display:flex;\n    flex-direction:column;\n    justify-content: space-between;  }\n\n    #uc_post_grid_elementor_b06f653 .uc_post_button   {\n     margin-top:auto;\n   }\n  \n\n\n\n\n\n\n\n\n\n\n\n\n#uc_post_grid_elementor_b06f653 .ue-meta-data{  \n  display:flex !important;\n  flex-wrap: wrap;\n  line-height:1em;\n}\n\n#uc_post_grid_elementor_b06f653 .ue-grid-item-meta-data{\n  display:inline-flex;\n  align-items:center;\n}\n\n#uc_post_grid_elementor_b06f653 .ue-grid-item-meta-data a{\n  color:inherit;\n}\n\n.ue-grid-item-meta-data{\n  font-size:12px;\n}\n\n#uc_post_grid_elementor_b06f653 .ue-grid-item-meta-data-icon{\n  line-height:1em;\n}\n\n#uc_post_grid_elementor_b06f653 .ue-grid-item-meta-data-icon svg{\n  width:1em;\n  height:1em;\n}\n\n#uc_post_grid_elementor_b06f653 .ue-debug-meta{\n  padding:10px;\n  border:1px solid red;\n  position:relative;\n  line-height:1.5em;\n  font-size:11px;\n  width:100%;\n}\n\n#uc_post_grid_elementor_b06f653 .uc_btn_inner{\n  display:inline-flex;\n  align-items:center;\n  pointer-events:none;\n}\n\n#uc_post_grid_elementor_b06f653 .uc_btn_inner svg{\n  width:1em;\n  height:1em;\n}\n#uc_post_grid_elementor_b06f653 .ue_p_title{\n  pointer-events:none;\n}\n  #uc_post_grid_elementor_b06f653 .ue_post_full_link{\n    position:absolute;\n    width:100%;\n    height:100%;\n    top:0;\n    left:0;\n  }\n\n\n#uc_post_grid_elementor_b06f653 .uc_content_inner{\n  width: 100%;\n}\n\n\n#uc_post_grid_elementor_b06f653_item1 [href=\"javascript:void(0)\"]{\n  cursor: unset;\n}\n\n\n#uc_post_grid_elementor_b06f653_item2 [href=\"javascript:void(0)\"]{\n  cursor: unset;\n}\n\n\n#uc_post_grid_elementor_b06f653_item3 [href=\"javascript:void(0)\"]{\n  cursor: unset;\n}\n\n\n<\/style>\n\n<div class=\"uc_post_grid_style_one \" id=\"uc_post_grid_elementor_b06f653\"  >\n\t\t<div class=\"uc_post_grid_style_one_wrap ue_post_grid uc-items-wrapper\">\n\t\t\t\n\n\n\n<div id=\"uc_post_grid_elementor_b06f653_item1\" class=\"uc_post_grid_style_one_item ue_post_grid_item ue-item elementor-animation-float\">\n  \n      <a class=\"uc_post_grid_style_one_image \" href='https:\/\/myrmidons.net\/fr\/profil-data\/' target=\"_self\">\n     <div class=\"uc_post_image\">\n       <img fetchpriority=\"high\" decoding=\"async\" src=\"https:\/\/myrmidons.net\/wp-content\/uploads\/2025\/02\/Profil-3.svg\"  src=\"https:\/\/myrmidons.net\/wp-content\/uploads\/2025\/02\/Profil-3.svg\" alt=\"Profil 3\" width=\"500\" height=\"500\">\n       <div class=\"uc_post_image_overlay\"><\/div>\n     <\/div>\n    <\/a>\n   \n  <div class=\"uc_content\">\n    <div class=\"uc_content_inner\">\n      <div class=\"uc_content-info-wrapper\" >\n        \n       \n              \n\n            \t\t\t<div class=\"uc_post_title\"><a class=\"\" href='https:\/\/myrmidons.net\/fr\/profil-data\/' target=\"_self\"><div class=\"ue_p_title\">Profil Data<\/div><\/a><\/div>\n      \t\n                      \n       \n        <div class=\"ue-meta-data\">\n            \n                \t    \n                \n        \n\t\n                \n                \n                \n                \n    \t\t\t\n      \n            \n  <\/div>\t\n           \n                 \n                            \n                                  \n     <\/div>                      \n           <div class=\"uc_post_button\">\n        \n        <a class=\"uc_more_btn \" target=\"_blank\" href='https:\/\/myrmidons.net\/fr\/profil-data\/'>\n          <div class=\"uc_btn_inner\">\n            <div class=\"uc_btn_txt\">Int\u00e9ress\u00e9 par ce poste? En savoir plus<\/div>\n            <div class=\"uc_btn_icon\"><i class='fas fa-chevron-right'><\/i><\/div>          <\/div>\n      \t<\/a>\n        \n                \n      <\/div>                           \n \t<\/div>  <\/div>      \n  <a class=\"ue_post_full_link \" href='https:\/\/myrmidons.net\/fr\/profil-data\/' target=\"_self\"><\/a>      \n<\/div>\n\n\n\n\n<div id=\"uc_post_grid_elementor_b06f653_item2\" class=\"uc_post_grid_style_one_item ue_post_grid_item ue-item elementor-animation-float\">\n  \n      <a class=\"uc_post_grid_style_one_image \" href='https:\/\/myrmidons.net\/fr\/profil-developpement\/' target=\"_self\">\n     <div class=\"uc_post_image\">\n       <img decoding=\"async\" src=\"https:\/\/myrmidons.net\/wp-content\/uploads\/2025\/02\/Profil-1.svg\"  src=\"https:\/\/myrmidons.net\/wp-content\/uploads\/2025\/02\/Profil-1.svg\" alt=\"Profil 1\" width=\"500\" height=\"500\">\n       <div class=\"uc_post_image_overlay\"><\/div>\n     <\/div>\n    <\/a>\n   \n  <div class=\"uc_content\">\n    <div class=\"uc_content_inner\">\n      <div class=\"uc_content-info-wrapper\" >\n        \n       \n              \n\n            \t\t\t<div class=\"uc_post_title\"><a class=\"\" href='https:\/\/myrmidons.net\/fr\/profil-developpement\/' target=\"_self\"><div class=\"ue_p_title\">Profil d\u00e9veloppement<\/div><\/a><\/div>\n      \t\n                      \n       \n        <div class=\"ue-meta-data\">\n            \n                \t    \n                \n        \n\t\n                \n                \n                \n                \n    \t\t\t\n      \n            \n  <\/div>\t\n           \n                 \n                            \n                                  \n     <\/div>                      \n           <div class=\"uc_post_button\">\n        \n        <a class=\"uc_more_btn \" target=\"_blank\" href='https:\/\/myrmidons.net\/fr\/profil-developpement\/'>\n          <div class=\"uc_btn_inner\">\n            <div class=\"uc_btn_txt\">Int\u00e9ress\u00e9 par ce poste? En savoir plus<\/div>\n            <div class=\"uc_btn_icon\"><i class='fas fa-chevron-right'><\/i><\/div>          <\/div>\n      \t<\/a>\n        \n                \n      <\/div>                           \n \t<\/div>  <\/div>      \n  <a class=\"ue_post_full_link \" href='https:\/\/myrmidons.net\/fr\/profil-developpement\/' target=\"_self\"><\/a>      \n<\/div>\n\n\n\n\n<div id=\"uc_post_grid_elementor_b06f653_item3\" class=\"uc_post_grid_style_one_item ue_post_grid_item ue-item elementor-animation-float\">\n  \n      <a class=\"uc_post_grid_style_one_image \" href='https:\/\/myrmidons.net\/fr\/stage\/' target=\"_self\">\n     <div class=\"uc_post_image\">\n       <img decoding=\"async\" src=\"https:\/\/myrmidons.net\/wp-content\/uploads\/2025\/02\/Profil-2.svg\"  src=\"https:\/\/myrmidons.net\/wp-content\/uploads\/2025\/02\/Profil-2.svg\" alt=\"Profil 2\" width=\"500\" height=\"500\">\n       <div class=\"uc_post_image_overlay\"><\/div>\n     <\/div>\n    <\/a>\n   \n  <div class=\"uc_content\">\n    <div class=\"uc_content_inner\">\n      <div class=\"uc_content-info-wrapper\" >\n        \n       \n              \n\n            \t\t\t<div class=\"uc_post_title\"><a class=\"\" href='https:\/\/myrmidons.net\/fr\/stage\/' target=\"_self\"><div class=\"ue_p_title\">Stage<\/div><\/a><\/div>\n      \t\n                      \n       \n        <div class=\"ue-meta-data\">\n            \n                \t    \n                \n        \n\t\n                \n                \n                \n                \n    \t\t\t\n      \n            \n  <\/div>\t\n           \n                 \n                            \n                                  \n     <\/div>                      \n           <div class=\"uc_post_button\">\n        \n        <a class=\"uc_more_btn \" target=\"_blank\" href='https:\/\/myrmidons.net\/fr\/stage\/'>\n          <div class=\"uc_btn_inner\">\n            <div class=\"uc_btn_txt\">Int\u00e9ress\u00e9 par ce poste? En savoir plus<\/div>\n            <div class=\"uc_btn_icon\"><i class='fas fa-chevron-right'><\/i><\/div>          <\/div>\n      \t<\/a>\n        \n                \n      <\/div>                           \n \t<\/div>  <\/div>      \n  <a class=\"ue_post_full_link \" href='https:\/\/myrmidons.net\/fr\/stage\/' target=\"_self\"><\/a>      \n<\/div>\n\n\t\t<\/div>\n\t<\/div>\n\n\n\n  <div id=\"uc_post_grid_elementor_b06f653_empty_message\" class=\"ue-no-posts-found\"  style=\"display:none\" >Aucune publication disponible<\/div>\n\n\n<!-- end Post Grid -->\t\t\t\t<\/div>\n\t\t\t\t<\/div>\n\t\t\t\t\t<\/div>\n\t\t<\/div>\n\t\t\t\t\t<\/div>\n\t\t<\/section>\n\t\t<div class=\"elementor-element elementor-element-c67b1c1 e-flex e-con-boxed e-con e-parent\" data-id=\"c67b1c1\" data-element_type=\"container\" data-e-type=\"container\">\n\t\t\t\t\t<div class=\"e-con-inner\">\n\t\t\t\t<div class=\"elementor-element elementor-element-dd98834 elementor-widget elementor-widget-heading\" data-id=\"dd98834\" data-element_type=\"widget\" data-e-type=\"widget\" data-widget_type=\"heading.default\">\n\t\t\t\t<div class=\"elementor-widget-container\">\n\t\t\t\t\t<h2 class=\"elementor-heading-title elementor-size-default\">Interess\u00e9 ?<\/h2>\t\t\t\t<\/div>\n\t\t\t\t<\/div>\n\t\t\t\t<div class=\"elementor-element elementor-element-1104621 elementor-widget elementor-widget-button\" data-id=\"1104621\" data-element_type=\"widget\" data-e-type=\"widget\" data-widget_type=\"button.default\">\n\t\t\t\t<div class=\"elementor-widget-container\">\n\t\t\t\t\t\t\t\t\t<div class=\"elementor-button-wrapper\">\n\t\t\t\t\t<a class=\"elementor-button elementor-button-link elementor-size-sm\" href=\"https:\/\/myrmidons.net\/fr\/postuler\/\">\n\t\t\t\t\t\t<span class=\"elementor-button-content-wrapper\">\n\t\t\t\t\t\t\t\t\t<span class=\"elementor-button-text\">Postulez ici !<\/span>\n\t\t\t\t\t<\/span>\n\t\t\t\t\t<\/a>\n\t\t\t\t<\/div>\n\t\t\t\t\t\t\t\t<\/div>\n\t\t\t\t<\/div>\n\t\t\t\t\t<\/div>\n\t\t\t\t<\/div>\n\t\t\t\t\t<\/div>\n\t\t<\/div>\n\t\t\t\t\t<\/div>\n\t\t<\/section>\n\t\t\t\t<\/div>\n\t\t","protected":false},"excerpt":{"rendered":"<p>NOUS RECHERCHONS NOS NOUVEAUX TALENTS ! Data profile Int\u00e9ress\u00e9 par ce poste? En savoir plus Development profile Int\u00e9ress\u00e9 par ce poste? En savoir plus Internship Int\u00e9ress\u00e9 par ce poste? En savoir plus Aucune publication disponible Interess\u00e9 ? Postulez ici !<\/p>\n","protected":false},"author":1,"featured_media":0,"parent":0,"menu_order":0,"comment_status":"closed","ping_status":"closed","template":"","meta":{"footnotes":""},"class_list":["post-7937","page","type-page","status-publish","hentry"],"_links":{"self":[{"href":"https:\/\/myrmidons.net\/fr\/wp-json\/wp\/v2\/pages\/7937","targetHints":{"allow":["GET"]}}],"collection":[{"href":"https:\/\/myrmidons.net\/fr\/wp-json\/wp\/v2\/pages"}],"about":[{"href":"https:\/\/myrmidons.net\/fr\/wp-json\/wp\/v2\/types\/page"}],"author":[{"embeddable":true,"href":"https:\/\/myrmidons.net\/fr\/wp-json\/wp\/v2\/users\/1"}],"replies":[{"embeddable":true,"href":"https:\/\/myrmidons.net\/fr\/wp-json\/wp\/v2\/comments?post=7937"}],"version-history":[{"count":16,"href":"https:\/\/myrmidons.net\/fr\/wp-json\/wp\/v2\/pages\/7937\/revisions"}],"predecessor-version":[{"id":8739,"href":"https:\/\/myrmidons.net\/fr\/wp-json\/wp\/v2\/pages\/7937\/revisions\/8739"}],"wp:attachment":[{"href":"https:\/\/myrmidons.net\/fr\/wp-json\/wp\/v2\/media?parent=7937"}],"curies":[{"name":"wp","href":"https:\/\/api.w.org\/{rel}","templated":true}]}}