{"id":7933,"date":"2025-05-06T12:05:48","date_gmt":"2025-05-06T10:05:48","guid":{"rendered":"https:\/\/dev.myrmidons.net\/mentions-legales\/"},"modified":"2025-12-16T08:05:57","modified_gmt":"2025-12-16T07:05:57","slug":"mentions-legales","status":"publish","type":"page","link":"https:\/\/myrmidons.net\/fr\/mentions-legales\/","title":{"rendered":"Mentions l\u00e9gales"},"content":{"rendered":"\t\t<div data-elementor-type=\"wp-page\" data-elementor-id=\"7933\" class=\"elementor elementor-7933 elementor-7924\" data-elementor-post-type=\"page\">\n\t\t\t\t\t\t<section class=\"elementor-section elementor-top-section elementor-element elementor-element-7e5238c elementor-section-content-middle ot-traditional elementor-section-boxed elementor-section-height-default elementor-section-height-default\" data-id=\"7e5238c\" data-element_type=\"section\" data-e-type=\"section\">\n\t\t\t\t\t\t<div class=\"elementor-container elementor-column-gap-extended\">\n\t\t\t\t\t<div class=\"elementor-column elementor-col-100 elementor-top-column elementor-element elementor-element-eb7a814 ot-flex-column-vertical\" data-id=\"eb7a814\" data-element_type=\"column\" data-e-type=\"column\">\n\t\t\t<div class=\"elementor-widget-wrap elementor-element-populated\">\n\t\t\t\t\t\t<div class=\"elementor-element elementor-element-6f3d1b5 elementor-widget elementor-widget-heading\" data-id=\"6f3d1b5\" data-element_type=\"widget\" data-e-type=\"widget\" data-widget_type=\"heading.default\">\n\t\t\t\t<div class=\"elementor-widget-container\">\n\t\t\t\t\t<h2 class=\"elementor-heading-title elementor-size-default\">Mentions l\u00e9gales<\/h2>\t\t\t\t<\/div>\n\t\t\t\t<\/div>\n\t\t\t\t<div class=\"elementor-element elementor-element-d9a5768 elementor-widget elementor-widget-heading\" data-id=\"d9a5768\" data-element_type=\"widget\" data-e-type=\"widget\" data-widget_type=\"heading.default\">\n\t\t\t\t<div class=\"elementor-widget-container\">\n\t\t\t\t\t<h2 class=\"elementor-heading-title elementor-size-default\">\u00c9diteur du site<\/h2>\t\t\t\t<\/div>\n\t\t\t\t<\/div>\n\t\t\t\t<div class=\"elementor-element elementor-element-a4fe272 elementor-widget elementor-widget-text-editor\" data-id=\"a4fe272\" data-element_type=\"widget\" data-e-type=\"widget\" data-widget_type=\"text-editor.default\">\n\t\t\t\t<div class=\"elementor-widget-container\">\n\t\t\t\t\t\t\t\t\t<p data-pm-slice=\"1 1 []\"><strong>Myrmidons SRL<\/strong><br>Avenue Jean Delhaye, 7<br>5001 Belgrade \u2013 Belgique<br>VAT : BE0693713910<br>E-mail : <a href=\"mailto:info@myrmidons.net\">info@myrmidons.net<\/a><\/p>\t\t\t\t\t\t\t\t<\/div>\n\t\t\t\t<\/div>\n\t\t\t\t<div class=\"elementor-element elementor-element-a25ddd4 elementor-widget elementor-widget-heading\" data-id=\"a25ddd4\" data-element_type=\"widget\" data-e-type=\"widget\" data-widget_type=\"heading.default\">\n\t\t\t\t<div class=\"elementor-widget-container\">\n\t\t\t\t\t<h2 class=\"elementor-heading-title elementor-size-default\">Responsable de la publication<\/h2>\t\t\t\t<\/div>\n\t\t\t\t<\/div>\n\t\t\t\t<div class=\"elementor-element elementor-element-10b127c elementor-widget elementor-widget-text-editor\" data-id=\"10b127c\" data-element_type=\"widget\" data-e-type=\"widget\" data-widget_type=\"text-editor.default\">\n\t\t\t\t<div class=\"elementor-widget-container\">\n\t\t\t\t\t\t\t\t\t<p data-pm-slice=\"1 1 []\">La personne responsable de la publication est Angelo Cuttitta, en sa qualit\u00e9 d&rsquo;administrateur de Myrmidons.<\/p>\t\t\t\t\t\t\t\t<\/div>\n\t\t\t\t<\/div>\n\t\t\t\t<div class=\"elementor-element elementor-element-292e12b elementor-widget elementor-widget-heading\" data-id=\"292e12b\" data-element_type=\"widget\" data-e-type=\"widget\" data-widget_type=\"heading.default\">\n\t\t\t\t<div class=\"elementor-widget-container\">\n\t\t\t\t\t<h2 class=\"elementor-heading-title elementor-size-default\">H\u00e9bergement<\/h2>\t\t\t\t<\/div>\n\t\t\t\t<\/div>\n\t\t\t\t<div class=\"elementor-element elementor-element-81bf480 elementor-widget elementor-widget-text-editor\" data-id=\"81bf480\" data-element_type=\"widget\" data-e-type=\"widget\" data-widget_type=\"text-editor.default\">\n\t\t\t\t<div class=\"elementor-widget-container\">\n\t\t\t\t\t\t\t\t\t<p data-pm-slice=\"1 1 []\">The site is hosted by :<br><strong>OVH SAS<\/strong><br>Rue Kellermann 2 <br>59100 Roubaix \u2013 France<br>Website : <a href=\"https:\/\/www.ovh.com\/\">www.ovh.com<\/a><\/p>\t\t\t\t\t\t\t\t<\/div>\n\t\t\t\t<\/div>\n\t\t\t\t<div class=\"elementor-element elementor-element-07ac756 elementor-widget elementor-widget-heading\" data-id=\"07ac756\" data-element_type=\"widget\" data-e-type=\"widget\" data-widget_type=\"heading.default\">\n\t\t\t\t<div class=\"elementor-widget-container\">\n\t\t\t\t\t<h2 class=\"elementor-heading-title elementor-size-default\">Propri\u00e9t\u00e9 intellectuelle<\/h2>\t\t\t\t<\/div>\n\t\t\t\t<\/div>\n\t\t\t\t<div class=\"elementor-element elementor-element-a56d1a9 elementor-widget elementor-widget-text-editor\" data-id=\"a56d1a9\" data-element_type=\"widget\" data-e-type=\"widget\" data-widget_type=\"text-editor.default\">\n\t\t\t\t<div class=\"elementor-widget-container\">\n\t\t\t\t\t\t\t\t\t<p data-pm-slice=\"1 1 []\">Tout le contenu de ce site (textes, images, graphiques, logos, ic\u00f4nes, vid\u00e9os, etc.) est la propri\u00e9t\u00e9 exclusive de Myrmidons SRL, sauf indication contraire. Toute reproduction, repr\u00e9sentation, modification ou adaptation, partielle ou totale, est interdite sans autorisation \u00e9crite pr\u00e9alable. <\/p>\t\t\t\t\t\t\t\t<\/div>\n\t\t\t\t<\/div>\n\t\t\t\t<div class=\"elementor-element elementor-element-5621ba9 elementor-widget elementor-widget-heading\" data-id=\"5621ba9\" data-element_type=\"widget\" data-e-type=\"widget\" data-widget_type=\"heading.default\">\n\t\t\t\t<div class=\"elementor-widget-container\">\n\t\t\t\t\t<h2 class=\"elementor-heading-title elementor-size-default\">Responsabilit\u00e9<\/h2>\t\t\t\t<\/div>\n\t\t\t\t<\/div>\n\t\t\t\t<div class=\"elementor-element elementor-element-2f72860 elementor-widget elementor-widget-text-editor\" data-id=\"2f72860\" data-element_type=\"widget\" data-e-type=\"widget\" data-widget_type=\"text-editor.default\">\n\t\t\t\t<div class=\"elementor-widget-container\">\n\t\t\t\t\t\t\t\t\t<p data-pm-slice=\"1 1 []\">Myrmidons s&rsquo;efforce de fournir des informations exactes et \u00e0 jour sur son site web. Toutefois, il ne peut \u00eatre tenu responsable des omissions, des inexactitudes ou de l&rsquo;absence de mise \u00e0 jour. <\/p>\t\t\t\t\t\t\t\t<\/div>\n\t\t\t\t<\/div>\n\t\t\t\t<div class=\"elementor-element elementor-element-e0446e2 elementor-widget elementor-widget-heading\" data-id=\"e0446e2\" data-element_type=\"widget\" data-e-type=\"widget\" data-widget_type=\"heading.default\">\n\t\t\t\t<div class=\"elementor-widget-container\">\n\t\t\t\t\t<h2 class=\"elementor-heading-title elementor-size-default\">Droit applicable<\/h2>\t\t\t\t<\/div>\n\t\t\t\t<\/div>\n\t\t\t\t<div class=\"elementor-element elementor-element-6c31cf3 elementor-widget elementor-widget-text-editor\" data-id=\"6c31cf3\" data-element_type=\"widget\" data-e-type=\"widget\" data-widget_type=\"text-editor.default\">\n\t\t\t\t<div class=\"elementor-widget-container\">\n\t\t\t\t\t\t\t\t\t<p data-pm-slice=\"1 1 []\">Le site est r\u00e9gi par le droit belge. En cas de litige, les tribunaux comp\u00e9tents seront ceux du si\u00e8ge social de Myrmidons SRL, sauf disposition l\u00e9gale imp\u00e9rative contraire. <\/p>\t\t\t\t\t\t\t\t<\/div>\n\t\t\t\t<\/div>\n\t\t\t\t\t<\/div>\n\t\t<\/div>\n\t\t\t\t\t<\/div>\n\t\t<\/section>\n\t\t\t\t<\/div>\n\t\t","protected":false},"excerpt":{"rendered":"<p>Mentions l\u00e9gales \u00c9diteur du site Myrmidons SRLAvenue Jean Delhaye, 75001 Belgrade \u2013 BelgiqueVAT : BE0693713910E-mail : info@myrmidons.net Responsable de la publication La personne responsable de la publication est Angelo Cuttitta, en sa qualit\u00e9 d&rsquo;administrateur de Myrmidons. H\u00e9bergement The site is hosted by :OVH SASRue Kellermann 2 59100 Roubaix \u2013 FranceWebsite : www.ovh.com Propri\u00e9t\u00e9 intellectuelle Tout [&hellip;]<\/p>\n","protected":false},"author":1,"featured_media":0,"parent":0,"menu_order":0,"comment_status":"closed","ping_status":"closed","template":"","meta":{"footnotes":""},"class_list":["post-7933","page","type-page","status-publish","hentry"],"_links":{"self":[{"href":"https:\/\/myrmidons.net\/fr\/wp-json\/wp\/v2\/pages\/7933","targetHints":{"allow":["GET"]}}],"collection":[{"href":"https:\/\/myrmidons.net\/fr\/wp-json\/wp\/v2\/pages"}],"about":[{"href":"https:\/\/myrmidons.net\/fr\/wp-json\/wp\/v2\/types\/page"}],"author":[{"embeddable":true,"href":"https:\/\/myrmidons.net\/fr\/wp-json\/wp\/v2\/users\/1"}],"replies":[{"embeddable":true,"href":"https:\/\/myrmidons.net\/fr\/wp-json\/wp\/v2\/comments?post=7933"}],"version-history":[{"count":11,"href":"https:\/\/myrmidons.net\/fr\/wp-json\/wp\/v2\/pages\/7933\/revisions"}],"predecessor-version":[{"id":8897,"href":"https:\/\/myrmidons.net\/fr\/wp-json\/wp\/v2\/pages\/7933\/revisions\/8897"}],"wp:attachment":[{"href":"https:\/\/myrmidons.net\/fr\/wp-json\/wp\/v2\/media?parent=7933"}],"curies":[{"name":"wp","href":"https:\/\/api.w.org\/{rel}","templated":true}]}}