{"id":7871,"date":"2020-03-06T07:58:00","date_gmt":"2020-03-06T06:58:00","guid":{"rendered":"https:\/\/dev.myrmidons.net\/services\/"},"modified":"2025-05-14T20:18:56","modified_gmt":"2025-05-14T18:18:56","slug":"services","status":"publish","type":"page","link":"https:\/\/myrmidons.net\/fr\/services\/","title":{"rendered":"Services"},"content":{"rendered":"\t\t<div data-elementor-type=\"wp-page\" data-elementor-id=\"7871\" class=\"elementor elementor-7871 elementor-2407\" data-elementor-post-type=\"page\">\n\t\t\t\t\t\t<section class=\"elementor-section elementor-top-section elementor-element elementor-element-2c29271 elementor-section-content-middle ot-traditional elementor-section-boxed elementor-section-height-default elementor-section-height-default\" data-id=\"2c29271\" data-element_type=\"section\" data-e-type=\"section\" data-settings=\"{&quot;background_background&quot;:&quot;classic&quot;}\">\n\t\t\t\t\t\t\t<div class=\"elementor-background-overlay\"><\/div>\n\t\t\t\t\t\t\t<div class=\"elementor-container elementor-column-gap-extended\">\n\t\t\t\t\t<div class=\"elementor-column elementor-col-50 elementor-top-column elementor-element elementor-element-5f63e1f ot-flex-column-vertical\" data-id=\"5f63e1f\" data-element_type=\"column\" data-e-type=\"column\">\n\t\t\t<div class=\"elementor-widget-wrap elementor-element-populated\">\n\t\t\t\t\t\t<div class=\"elementor-element elementor-element-9bcf61d elementor-widget elementor-widget-image\" data-id=\"9bcf61d\" data-element_type=\"widget\" data-e-type=\"widget\" data-widget_type=\"image.default\">\n\t\t\t\t<div class=\"elementor-widget-container\">\n\t\t\t\t\t\t\t\t\t\t\t\t\t\t\t<img decoding=\"async\" src=\"https:\/\/myrmidons.net\/wp-content\/uploads\/elementor\/thumbs\/Services-2-scaled-r1lkgmnqqkux0mowlosjod8i18bz924x864cupdq82.jpg\" title=\"Services 2\" alt=\"Services 2\" loading=\"lazy\" \/>\t\t\t\t\t\t\t\t\t\t\t\t\t\t\t<\/div>\n\t\t\t\t<\/div>\n\t\t\t\t\t<\/div>\n\t\t<\/div>\n\t\t\t\t<div class=\"elementor-column elementor-col-50 elementor-top-column elementor-element elementor-element-cb7f021 ot-flex-column-vertical\" data-id=\"cb7f021\" data-element_type=\"column\" data-e-type=\"column\">\n\t\t\t<div class=\"elementor-widget-wrap elementor-element-populated\">\n\t\t\t\t\t\t<div class=\"elementor-element elementor-element-709c28f elementor-widget elementor-widget-heading\" data-id=\"709c28f\" data-element_type=\"widget\" data-e-type=\"widget\" data-widget_type=\"heading.default\">\n\t\t\t\t<div class=\"elementor-widget-container\">\n\t\t\t\t\t<h2 class=\"elementor-heading-title elementor-size-default\">Nos services<\/h2>\t\t\t\t<\/div>\n\t\t\t\t<\/div>\n\t\t\t\t<div class=\"elementor-element elementor-element-aa4c785 elementor-widget elementor-widget-text-editor\" data-id=\"aa4c785\" data-element_type=\"widget\" data-e-type=\"widget\" data-widget_type=\"text-editor.default\">\n\t\t\t\t<div class=\"elementor-widget-container\">\n\t\t\t\t\t\t\t\t\t<p>Myrmidons est une soci\u00e9t\u00e9 de consultance informatique offrant des services de haute qualit\u00e9 et sur mesure avec une touche personnelle. Notre \u00e9quipe d&rsquo;experts est sp\u00e9cialis\u00e9e dans la Data, l\u2019IA, le Reporting, le D\u00e9veloppement, le Management et la formation. Nous aidons les entreprises \u00e0 am\u00e9liorer leurs capacit\u00e9s et \u00e0 rester en t\u00eate dans un monde en constante \u00e9volution.<\/p><p>Pour en savoir plus sur nos diff\u00e9rents domaines d&rsquo;expertise c\u2019est ci-dessous !<\/p>\t\t\t\t\t\t\t\t<\/div>\n\t\t\t\t<\/div>\n\t\t\t\t\t<\/div>\n\t\t<\/div>\n\t\t\t\t\t<\/div>\n\t\t<\/section>\n\t\t\t\t<section class=\"elementor-section elementor-inner-section elementor-element elementor-element-105e168 elementor-section-full_width elementor-reverse-tablet elementor-reverse-mobile ot-traditional elementor-section-height-default elementor-section-height-default\" data-id=\"105e168\" data-element_type=\"section\" data-e-type=\"section\" id=\"Consulting\">\n\t\t\t\t\t\t<div class=\"elementor-container elementor-column-gap-extended\">\n\t\t\t\t\t<div class=\"elementor-column elementor-col-100 elementor-inner-column elementor-element elementor-element-b7e7dc4 ot-column-items-center ot-flex-column-vertical\" data-id=\"b7e7dc4\" data-element_type=\"column\" data-e-type=\"column\">\n\t\t\t<div class=\"elementor-widget-wrap elementor-element-populated\">\n\t\t\t\t\t\t<div class=\"elementor-element elementor-element-5533af5 .services-tab-title elementor-widget__width-auto elementor-widget elementor-widget-heading\" data-id=\"5533af5\" data-element_type=\"widget\" data-e-type=\"widget\" data-widget_type=\"heading.default\">\n\t\t\t\t<div class=\"elementor-widget-container\">\n\t\t\t\t\t<h2 class=\"elementor-heading-title elementor-size-default\">Consulting<\/h2>\t\t\t\t<\/div>\n\t\t\t\t<\/div>\n\t\t\t\t\t<\/div>\n\t\t<\/div>\n\t\t\t\t\t<\/div>\n\t\t<\/section>\n\t\t\t\t<section class=\"elementor-section elementor-inner-section elementor-element elementor-element-1ae0e1d elementor-section-full_width elementor-reverse-tablet elementor-reverse-mobile ot-traditional elementor-section-height-default elementor-section-height-default\" data-id=\"1ae0e1d\" data-element_type=\"section\" data-e-type=\"section\">\n\t\t\t\t\t\t<div class=\"elementor-container elementor-column-gap-extended\">\n\t\t\t\t\t<div class=\"elementor-column elementor-col-100 elementor-inner-column elementor-element elementor-element-d0d3def ot-flex-column-vertical\" data-id=\"d0d3def\" data-element_type=\"column\" data-e-type=\"column\">\n\t\t\t<div class=\"elementor-widget-wrap elementor-element-populated\">\n\t\t\t\t\t\t<div class=\"elementor-element elementor-element-05837ea elementor-widget elementor-widget-html\" data-id=\"05837ea\" data-element_type=\"widget\" data-e-type=\"widget\" data-widget_type=\"html.default\">\n\t\t\t\t<div class=\"elementor-widget-container\">\n\t\t\t\t\t<script>\/* Control the Elementor Tabs from the URL\r\n* Code from https:\/\/element.how\/elementor-open-specific-tab-toggle-accordion\/\r\n* Copyright 2023 Element.how\r\n* Updated 2023\/12\/05\r\n*\/\r\nwindow.addEventListener('load', () => {\r\nsetTimeout(function () {\r\n\r\nlet scrollOffset = 100; \/* scroll offset from the top of title *\/\r\n\r\nconst tabsAccordionToggleTitles = document.querySelectorAll('.e-n-accordion-item-title, .e-n-tab-title, .elementor-tab-title');\r\n\r\nconst clickTitleWithAnchor = (anchor) => {\r\ntabsAccordionToggleTitles.forEach(title => {\r\nif (title.querySelector(`#${anchor}`) != null || title.id === anchor || (title.closest('details') && title.closest('details').id === anchor)) {\r\nif (title.getAttribute('aria-expanded') !== 'true' && !title.classList.contains('elementor-active')) title.click();\r\nlet timing = 0;\r\nlet scrollTarget = title;\r\nif (getComputedStyle(title.closest('.elementor-element')).getPropertyValue('--n-tabs-direction') == 'row') scrollTarget = title.closest('.elementor-element');\r\nif (title.closest('.e-n-accordion, .elementor-accordion-item, .elementor-toggle-item')) {\r\ntiming = 400;\r\n}\r\nsetTimeout(function () {\r\njQuery('html, body').animate({\r\nscrollTop: jQuery(scrollTarget).offset().top - scrollOffset,\r\n}, 'slow');\r\n}, timing);\r\n}\r\n});\r\n};\r\n\r\ndocument.addEventListener('click', (event) => {\r\nif (event.target.closest('a') && event.target.closest('a').href.includes('#')) {\r\nconst anchor = extractAnchor(event.target.closest('a').href);\r\nif (anchor && isAnchorInTitles(anchor, tabsAccordionToggleTitles)) {\r\nevent.preventDefault();\r\nclickTitleWithAnchor(anchor);\r\n}\r\n}\r\n});\r\n\r\nconst currentAnchor = extractAnchor(window.location.href);\r\nif (currentAnchor) {\r\nclickTitleWithAnchor(currentAnchor);\r\n}\r\n\r\nfunction extractAnchor(url) {\r\nconst match = url.match(\/#([^?]+)\/);\r\nreturn match ? match[1] : null;\r\n};\r\n\r\nfunction isAnchorInTitles(anchor, titles) {\r\nreturn Array.from(titles).some(title => {\r\nreturn title.querySelector(`#${anchor}`) !== null || title.id === anchor || (title.closest('details') && title.closest('details').id === anchor);\r\n});\r\n};\r\n\r\n}, 300);\r\n});\r\n<\/script>\t\t\t\t<\/div>\n\t\t\t\t<\/div>\n\t\t\t\t<div class=\"elementor-element elementor-element-7cc4647 tab-services e-n-tabs-none elementor-widget elementor-widget-n-tabs\" data-id=\"7cc4647\" data-element_type=\"widget\" data-e-type=\"widget\" data-widget_type=\"nested-tabs.default\">\n\t\t\t\t<div class=\"elementor-widget-container\">\n\t\t\t\t\t\t\t<div class=\"e-n-tabs\" data-widget-number=\"130827847\" aria-label=\"Onglets. Ouvrez des \u00e9l\u00e9ments avec Entrer ou Espace, fermez-les avec Echape et naviguez \u00e0 l&#039;aide des touches fl\u00e9ch\u00e9es.\">\n\t\t\t<div class=\"e-n-tabs-heading\" role=\"tablist\">\n\t\t\t\t\t<button id=\"Data\" data-tab-title-id=\"e-n-tab-title-1308278471\" class=\"e-n-tab-title\" aria-selected=\"true\" data-tab-index=\"1\" role=\"tab\" tabindex=\"0\" aria-controls=\"e-n-tab-content-1308278471\" style=\"--n-tabs-title-order: 1;\">\n\t\t\t\t\t\t<span class=\"e-n-tab-title-text\">\n\t\t\t\tData\t\t\t<\/span>\n\t\t<\/button>\n\t\t\t\t<button id=\"SoftwareDev\" data-tab-title-id=\"e-n-tab-title-1308278472\" class=\"e-n-tab-title\" aria-selected=\"false\" data-tab-index=\"2\" role=\"tab\" tabindex=\"-1\" aria-controls=\"e-n-tab-content-1308278472\" style=\"--n-tabs-title-order: 2;\">\n\t\t\t\t\t\t<span class=\"e-n-tab-title-text\">\n\t\t\t\tSoftware Development\t\t\t<\/span>\n\t\t<\/button>\n\t\t\t\t<button id=\"ProjectManagement\" data-tab-title-id=\"e-n-tab-title-1308278473\" class=\"e-n-tab-title\" aria-selected=\"false\" data-tab-index=\"3\" role=\"tab\" tabindex=\"-1\" aria-controls=\"e-n-tab-content-1308278473\" style=\"--n-tabs-title-order: 3;\">\n\t\t\t\t\t\t<span class=\"e-n-tab-title-text\">\n\t\t\t\tComp\u00e9tences transversales\t\t\t<\/span>\n\t\t<\/button>\n\t\t\t\t<button id=\"CustomTraining\" data-tab-title-id=\"e-n-tab-title-1308278474\" class=\"e-n-tab-title\" aria-selected=\"false\" data-tab-index=\"4\" role=\"tab\" tabindex=\"-1\" aria-controls=\"e-n-tab-content-1308278474\" style=\"--n-tabs-title-order: 4;\">\n\t\t\t\t\t\t<span class=\"e-n-tab-title-text\">\n\t\t\t\tFormation\t\t\t<\/span>\n\t\t<\/button>\n\t\t\t\t\t<\/div>\n\t\t\t<div class=\"e-n-tabs-content\">\n\t\t\t\t<div id=\"e-n-tab-content-1308278471\" role=\"tabpanel\" aria-labelledby=\"Data\" data-tab-index=\"1\" style=\"--n-tabs-title-order: 1;\" class=\"e-active elementor-element elementor-element-62fcada e-con-full e-flex e-con e-child\" data-id=\"62fcada\" data-element_type=\"container\" data-e-type=\"container\">\n\t\t\t\t<div class=\"elementor-element elementor-element-a0baa54 elementor-widget__width-inherit content-tab elementor-widget elementor-widget-text-editor\" data-id=\"a0baa54\" data-element_type=\"widget\" data-e-type=\"widget\" data-widget_type=\"text-editor.default\">\n\t\t\t\t<div class=\"elementor-widget-container\">\n\t\t\t\t\t\t\t\t\t<p>Nos consultants vous accompagnent dans la transformation de vos donn\u00e9es brutes en informations exploitables, vous permettant de prendre des d\u00e9cisions strat\u00e9giques \u00e9clair\u00e9es.<br>Nous vous offrons un accompagnement de bout en bout, de la manipulation des donn\u00e9es \u00e0 la d\u00e9finition de l\u2019architecture cible jusqu\u2019\u00e0 la mise en place de solutions adapt\u00e9es.<br>Nos experts ma\u00eetrisent entre autres les outils ETL, la construction de Data Warehouses, la mod\u00e9lisation de donn\u00e9es et l\u2019int\u00e9gration de l\u2019intelligence artificielle via des techniques avanc\u00e9es de Data Science et de Machine Learning tout en \u00e9tant agnostique des technologies actuelles.<\/p>\t\t\t\t\t\t\t\t<\/div>\n\t\t\t\t<\/div>\n\t\t\t\t<\/div>\n\t\t<div id=\"e-n-tab-content-1308278472\" role=\"tabpanel\" aria-labelledby=\"SoftwareDev\" data-tab-index=\"2\" style=\"--n-tabs-title-order: 2;\" class=\" elementor-element elementor-element-0733ca3 e-con-full e-flex e-con e-child\" data-id=\"0733ca3\" data-element_type=\"container\" data-e-type=\"container\">\n\t\t\t\t<div class=\"elementor-element elementor-element-89b9b55 elementor-widget__width-inherit content-tab elementor-widget elementor-widget-text-editor\" data-id=\"89b9b55\" data-element_type=\"widget\" data-e-type=\"widget\" data-widget_type=\"text-editor.default\">\n\t\t\t\t<div class=\"elementor-widget-container\">\n\t\t\t\t\t\t\t\t\t<p>A c\u00f4t\u00e9 de notre p\u00f4le data, nous vous offrons \u00e9galement notre expertise en Software Development.<br>Nos consultants vous accompagnent tout au long du cycle de d\u00e9veloppement, de l\u2019analyse et du design jusqu\u2019\u00e0 l\u2019impl\u00e9mentation de l\u2019infrastructure, passant par le d\u00e9veloppement backend et frontend sans oublier le support des plateformes d\u00e9velopp\u00e9es.<br>Nous concevons des solutions sur mesure en .Net, Java ou encore Python, adapt\u00e9es \u00e0 vos besoins sp\u00e9cifiques et parfaitement int\u00e9gr\u00e9es \u00e0 votre environnement existant, garantissant ainsi la performance et l\u2019\u00e9volution des solutions produites.<\/p>\t\t\t\t\t\t\t\t<\/div>\n\t\t\t\t<\/div>\n\t\t\t\t<\/div>\n\t\t<div id=\"e-n-tab-content-1308278473\" role=\"tabpanel\" aria-labelledby=\"ProjectManagement\" data-tab-index=\"3\" style=\"--n-tabs-title-order: 3;\" class=\" elementor-element elementor-element-59117c7 e-con-full e-flex e-con e-child\" data-id=\"59117c7\" data-element_type=\"container\" data-e-type=\"container\">\n\t\t\t\t<div class=\"elementor-element elementor-element-0b7b1dc elementor-widget__width-inherit content-tab elementor-widget elementor-widget-text-editor\" data-id=\"0b7b1dc\" data-element_type=\"widget\" data-e-type=\"widget\" data-widget_type=\"text-editor.default\">\n\t\t\t\t<div class=\"elementor-widget-container\">\n\t\t\t\t\t\t\t\t\t<p>Additionnellement \u00e0 nos deux p\u00f4les d\u2019expertises, nous offrons une aide pr\u00e9cieuse en gestion de projet. Nous travaillons avec les entreprises au niveau des aspects tels que la gestion de capacit\u00e9, du budget, des risques, des roadmaps ou encore du planning.<br>Nous vous accompagnons \u00e9galement dans l&rsquo;impl\u00e9mentation de l&rsquo;agilit\u00e9 et le suivi des m\u00e9thodes agiles pour garantir une efficacit\u00e9 optimale.<br>Un avis ext\u00e9rieur vous int\u00e9resse afin de lancer un projet en toute s\u00e9r\u00e9nit\u00e9 ? Nous r\u00e9alisons \u00e9galement des audits approfondis afin d\u2019\u00e9valuer la situation et de vous proposer une solution adapt\u00e9e.<\/p>\t\t\t\t\t\t\t\t<\/div>\n\t\t\t\t<\/div>\n\t\t\t\t<\/div>\n\t\t<div id=\"e-n-tab-content-1308278474\" role=\"tabpanel\" aria-labelledby=\"CustomTraining\" data-tab-index=\"4\" style=\"--n-tabs-title-order: 4;\" class=\" elementor-element elementor-element-1a818a3 e-flex e-con-boxed e-con e-child\" data-id=\"1a818a3\" data-element_type=\"container\" data-e-type=\"container\">\n\t\t\t\t\t<div class=\"e-con-inner\">\n\t\t\t\t<div class=\"elementor-element elementor-element-5fbf2d2 elementor-widget__width-inherit content-tab elementor-widget elementor-widget-text-editor\" data-id=\"5fbf2d2\" data-element_type=\"widget\" data-e-type=\"widget\" data-widget_type=\"text-editor.default\">\n\t\t\t\t<div class=\"elementor-widget-container\">\n\t\t\t\t\t\t\t\t\t<p>Chez Myrmidons, nous pensons que les connaissances sont plus pr\u00e9cieuses lorsqu&rsquo;elles sont partag\u00e9es et remises en question. C&rsquo;est pourquoi nous proposons des formations sur mesure sur tous les sujets dont nous sommes sp\u00e9cialistes ! Qu&rsquo;il s&rsquo;agisse d&rsquo;une formation sur un outil sp\u00e9cifique ou sur un sujet plus large, nous pouvons fournir une formation pratique dans vos locaux, en utilisant vos propres donn\u00e9es pour r\u00e9pondre \u00e0 vos besoins sp\u00e9cifiques.<\/p>\t\t\t\t\t\t\t\t<\/div>\n\t\t\t\t<\/div>\n\t\t\t\t\t<\/div>\n\t\t\t\t<\/div>\n\t\t\t\t\t<\/div>\n\t\t<\/div>\n\t\t\t\t\t\t<\/div>\n\t\t\t\t<\/div>\n\t\t\t\t\t<\/div>\n\t\t<\/div>\n\t\t\t\t\t<\/div>\n\t\t<\/section>\n\t\t\t\t<\/div>\n\t\t","protected":false},"excerpt":{"rendered":"<p>Nos services Myrmidons est une soci\u00e9t\u00e9 de consultance informatique offrant des services de haute qualit\u00e9 et sur mesure avec une touche personnelle. Notre \u00e9quipe d&rsquo;experts est sp\u00e9cialis\u00e9e dans la Data, l\u2019IA, le Reporting, le D\u00e9veloppement, le Management et la formation. Nous aidons les entreprises \u00e0 am\u00e9liorer leurs capacit\u00e9s et \u00e0 rester en t\u00eate dans un [&hellip;]<\/p>\n","protected":false},"author":1,"featured_media":0,"parent":0,"menu_order":0,"comment_status":"closed","ping_status":"closed","template":"","meta":{"footnotes":""},"class_list":["post-7871","page","type-page","status-publish","hentry"],"_links":{"self":[{"href":"https:\/\/myrmidons.net\/fr\/wp-json\/wp\/v2\/pages\/7871","targetHints":{"allow":["GET"]}}],"collection":[{"href":"https:\/\/myrmidons.net\/fr\/wp-json\/wp\/v2\/pages"}],"about":[{"href":"https:\/\/myrmidons.net\/fr\/wp-json\/wp\/v2\/types\/page"}],"author":[{"embeddable":true,"href":"https:\/\/myrmidons.net\/fr\/wp-json\/wp\/v2\/users\/1"}],"replies":[{"embeddable":true,"href":"https:\/\/myrmidons.net\/fr\/wp-json\/wp\/v2\/comments?post=7871"}],"version-history":[{"count":6,"href":"https:\/\/myrmidons.net\/fr\/wp-json\/wp\/v2\/pages\/7871\/revisions"}],"predecessor-version":[{"id":8448,"href":"https:\/\/myrmidons.net\/fr\/wp-json\/wp\/v2\/pages\/7871\/revisions\/8448"}],"wp:attachment":[{"href":"https:\/\/myrmidons.net\/fr\/wp-json\/wp\/v2\/media?parent=7871"}],"curies":[{"name":"wp","href":"https:\/\/api.w.org\/{rel}","templated":true}]}}